{"id":120,"date":"2022-02-22T14:30:50","date_gmt":"2022-02-22T13:30:50","guid":{"rendered":"https:\/\/www.dormy-house.com\/?page_id=120"},"modified":"2023-01-14T17:23:36","modified_gmt":"2023-01-14T16:23:36","slug":"actualites-etretat-hotel-meerblick","status":"publish","type":"page","link":"https:\/\/www.dormy-house.com\/de\/actualites-etretat-hotel-vue-mer\/","title":{"rendered":"Nachrichten"},"content":{"rendered":"<div data-elementor-type=\"wp-page\" data-elementor-id=\"120\" class=\"elementor elementor-120\" data-elementor-post-type=\"page\">\n\t\t\t\t\t\t<section class=\"elementor-section elementor-top-section elementor-element elementor-element-ddb621e elementor-section-height-min-height elementor-section-boxed elementor-section-height-default elementor-section-items-middle\" data-id=\"ddb621e\" data-element_type=\"section\" data-e-type=\"section\" data-settings=\"{&quot;background_background&quot;:&quot;classic&quot;,&quot;_ob_glider_is_slider&quot;:&quot;no&quot;}\">\n\t\t\t\t\t\t\t<div class=\"elementor-background-overlay\"><\/div>\n\t\t\t\t\t\t\t<div class=\"elementor-container elementor-column-gap-default\">\n\t\t\t\t\t<div class=\"elementor-column elementor-col-100 elementor-top-column elementor-element elementor-element-29caf00\" data-id=\"29caf00\" data-element_type=\"column\" data-e-type=\"column\" data-settings=\"{&quot;_ob_column_hoveranimator&quot;:&quot;no&quot;,&quot;_ob_column_has_pseudo&quot;:&quot;no&quot;}\">\n\t\t\t<div class=\"elementor-widget-wrap elementor-element-populated\">\n\t\t\t\t\t\t<div class=\"elementor-element elementor-element-f420b00 ob-harakiri-inherit ob-has-background-overlay elementor-widget elementor-widget-heading\" data-id=\"f420b00\" data-element_type=\"widget\" data-e-type=\"widget\" data-settings=\"{&quot;_ob_use_harakiri&quot;:&quot;yes&quot;,&quot;_ob_harakiri_writing_mode&quot;:&quot;inherit&quot;,&quot;_ob_harakiri_text_clip&quot;:&quot;none&quot;,&quot;_ob_widget_stalker_use&quot;:&quot;no&quot;,&quot;_ob_poopart_use&quot;:&quot;yes&quot;,&quot;_ob_shadough_use&quot;:&quot;no&quot;,&quot;_ob_allow_hoveranimator&quot;:&quot;no&quot;}\" data-widget_type=\"heading.default\">\n\t\t\t\t<div class=\"elementor-widget-container\">\n\t\t\t\t\t<h1 class=\"elementor-heading-title elementor-size-default\">Nachrichten<\/h1>\t\t\t\t<\/div>\n\t\t\t\t<\/div>\n\t\t\t\t\t<\/div>\n\t\t<\/div>\n\t\t\t\t\t<\/div>\n\t\t<\/section>\n\t\t\t\t<section class=\"elementor-section elementor-top-section elementor-element elementor-element-5821470 elementor-section-boxed elementor-section-height-default elementor-section-height-default\" data-id=\"5821470\" data-element_type=\"section\" data-e-type=\"section\" data-settings=\"{&quot;_ob_glider_is_slider&quot;:&quot;no&quot;}\">\n\t\t\t\t\t\t<div class=\"elementor-container elementor-column-gap-default\">\n\t\t\t\t\t<div class=\"elementor-column elementor-col-100 elementor-top-column elementor-element elementor-element-e6c4fc9\" data-id=\"e6c4fc9\" data-element_type=\"column\" data-e-type=\"column\" data-settings=\"{&quot;_ob_column_hoveranimator&quot;:&quot;no&quot;,&quot;_ob_column_has_pseudo&quot;:&quot;no&quot;}\">\n\t\t\t<div class=\"elementor-widget-wrap elementor-element-populated\">\n\t\t\t\t\t\t<div class=\"elementor-element elementor-element-01de1ce elementor-grid-3 elementor-grid-tablet-2 elementor-grid-mobile-1 elementor-posts--thumbnail-top elementor-card-shadow-yes elementor-posts__hover-gradient ob-has-background-overlay elementor-widget elementor-widget-posts\" data-id=\"01de1ce\" data-element_type=\"widget\" data-e-type=\"widget\" id=\"bouton-actu-offre\" data-settings=\"{&quot;cards_columns&quot;:&quot;3&quot;,&quot;cards_columns_tablet&quot;:&quot;2&quot;,&quot;cards_columns_mobile&quot;:&quot;1&quot;,&quot;cards_row_gap&quot;:{&quot;unit&quot;:&quot;px&quot;,&quot;size&quot;:35,&quot;sizes&quot;:[]},&quot;cards_row_gap_tablet&quot;:{&quot;unit&quot;:&quot;px&quot;,&quot;size&quot;:&quot;&quot;,&quot;sizes&quot;:[]},&quot;cards_row_gap_mobile&quot;:{&quot;unit&quot;:&quot;px&quot;,&quot;size&quot;:&quot;&quot;,&quot;sizes&quot;:[]},&quot;_ob_widget_stalker_use&quot;:&quot;no&quot;,&quot;_ob_poopart_use&quot;:&quot;yes&quot;,&quot;_ob_shadough_use&quot;:&quot;no&quot;,&quot;_ob_allow_hoveranimator&quot;:&quot;no&quot;}\" data-widget_type=\"posts.cards\">\n\t\t\t\t<div class=\"elementor-widget-container\">\n\t\t\t\t\t\t\t<div class=\"elementor-posts-container elementor-posts elementor-posts--skin-cards elementor-grid\" role=\"list\">\n\t\t\t\t<article class=\"elementor-post elementor-grid-item post-1271 post type-post status-publish format-standard has-post-thumbnail hentry category-actualites\" role=\"listitem\">\n\t\t\t<div class=\"elementor-post__card\">\n\t\t\t\t<a class=\"elementor-post__thumbnail__link\" href=\"https:\/\/www.dormy-house.com\/de\/une-seance-de-massage-sur-un-lit-hydromassant-a-etretat-a-la-villa-10\/\" tabindex=\"-1\" ><div class=\"elementor-post__thumbnail\"><img fetchpriority=\"high\" decoding=\"async\" width=\"800\" height=\"600\" src=\"https:\/\/www.dormy-house.com\/wp-content\/uploads\/2023\/01\/hydrojet-1024x768.jpg\" class=\"attachment-large size-large wp-image-3750\" alt=\"\" srcset=\"https:\/\/www.dormy-house.com\/wp-content\/uploads\/2023\/01\/hydrojet-1024x768.jpg 1024w, https:\/\/www.dormy-house.com\/wp-content\/uploads\/2023\/01\/hydrojet-300x225.jpg 300w, https:\/\/www.dormy-house.com\/wp-content\/uploads\/2023\/01\/hydrojet-768x576.jpg 768w, https:\/\/www.dormy-house.com\/wp-content\/uploads\/2023\/01\/hydrojet-16x12.jpg 16w, https:\/\/www.dormy-house.com\/wp-content\/uploads\/2023\/01\/hydrojet.jpg 1280w\" sizes=\"(max-width: 800px) 100vw, 800px\" title=\"Foto -\"><\/div><\/a>\n\t\t\t\t<div class=\"elementor-post__badge\">Nachrichten<\/div>\n\t\t\t\t<div class=\"elementor-post__text\">\n\t\t\t\t<h3 class=\"elementor-post__title\">\n\t\t\t<a href=\"https:\/\/www.dormy-house.com\/de\/une-seance-de-massage-sur-un-lit-hydromassant-a-etretat-a-la-villa-10\/\" >\n\t\t\t\tEine Massagesitzung auf einem Hydromassagebett in Etretat in der Villa 10\t\t\t<\/a>\n\t\t<\/h3>\n\t\t\t\t<div class=\"elementor-post__excerpt\">\n\t\t\t<p>Hydrojet-Massageliege Well System Medical Plus A Etretat, offen f\u00fcr alle. Die Hydrojet-Massageliege ist die einzige, die eine Bewegung ausf\u00fchrt<\/p>\n\t\t<\/div>\n\t\t\n\t\t<a class=\"elementor-post__read-more\" href=\"https:\/\/www.dormy-house.com\/de\/une-seance-de-massage-sur-un-lit-hydromassant-a-etretat-a-la-villa-10\/\" aria-label=\"Mehr \u00fcber Eine Massagesitzung auf einem Hydromassagebett in Etretat in der Villa 10\" tabindex=\"-1\" >\n\t\t\tArtikel lesen &gt;\t\t<\/a>\n\n\t\t\t\t<\/div>\n\t\t\t\t<div class=\"elementor-post__meta-data\">\n\t\t\t\t\t<span class=\"elementor-post-date\">\n\t\t\t14. M\u00e4rz 2022\t\t<\/span>\n\t\t\t\t<\/div>\n\t\t\t\t\t<\/div>\n\t\t<\/article>\n\t\t\t\t<article class=\"elementor-post elementor-grid-item post-1263 post type-post status-publish format-standard has-post-thumbnail hentry category-actualites\" role=\"listitem\">\n\t\t\t<div class=\"elementor-post__card\">\n\t\t\t\t<a class=\"elementor-post__thumbnail__link\" href=\"https:\/\/www.dormy-house.com\/de\/venez-decouvrir-etretat-autrement\/\" tabindex=\"-1\" ><div class=\"elementor-post__thumbnail\"><img decoding=\"async\" width=\"800\" height=\"450\" src=\"https:\/\/www.dormy-house.com\/wp-content\/uploads\/2022\/03\/etretat-1024x576.jpg\" class=\"attachment-large size-large wp-image-3066\" alt=\"\" srcset=\"https:\/\/www.dormy-house.com\/wp-content\/uploads\/2022\/03\/etretat-1024x576.jpg 1024w, https:\/\/www.dormy-house.com\/wp-content\/uploads\/2022\/03\/etretat-300x169.jpg 300w, https:\/\/www.dormy-house.com\/wp-content\/uploads\/2022\/03\/etretat-768x432.jpg 768w, https:\/\/www.dormy-house.com\/wp-content\/uploads\/2022\/03\/etretat-1536x864.jpg 1536w, https:\/\/www.dormy-house.com\/wp-content\/uploads\/2022\/03\/etretat-2048x1152.jpg 2048w, https:\/\/www.dormy-house.com\/wp-content\/uploads\/2022\/03\/etretat-18x10.jpg 18w\" sizes=\"(max-width: 800px) 100vw, 800px\" title=\"Foto -\"><\/div><\/a>\n\t\t\t\t<div class=\"elementor-post__badge\">Nachrichten<\/div>\n\t\t\t\t<div class=\"elementor-post__text\">\n\t\t\t\t<h3 class=\"elementor-post__title\">\n\t\t\t<a href=\"https:\/\/www.dormy-house.com\/de\/venez-decouvrir-etretat-autrement\/\" >\n\t\t\t\tEntdecken Sie Etretat einmal anders...\t\t\t<\/a>\n\t\t<\/h3>\n\t\t\t\t<div class=\"elementor-post__excerpt\">\n\t\t\t<p>Buchen Sie w\u00e4hrend Ihres Aufenthalts in der Normandie einen Spaziergang zur Erkundung der Klippen mit einem Naturf\u00fchrer. Natterra bietet Ihnen kommentierte naturkundliche F\u00fchrungen als Begleitung an<\/p>\n\t\t<\/div>\n\t\t\n\t\t<a class=\"elementor-post__read-more\" href=\"https:\/\/www.dormy-house.com\/de\/venez-decouvrir-etretat-autrement\/\" aria-label=\"Mehr \u00fcber Kommen Sie und entdecken Sie Etretat einmal anders...\" tabindex=\"-1\" >\n\t\t\tArtikel lesen &gt;\t\t<\/a>\n\n\t\t\t\t<\/div>\n\t\t\t\t<div class=\"elementor-post__meta-data\">\n\t\t\t\t\t<span class=\"elementor-post-date\">\n\t\t\t14. M\u00e4rz 2022\t\t<\/span>\n\t\t\t\t<\/div>\n\t\t\t\t\t<\/div>\n\t\t<\/article>\n\t\t\t\t<\/div>\n\t\t\n\t\t\t\t\t\t<\/div>\n\t\t\t\t<\/div>\n\t\t\t\t\t<\/div>\n\t\t<\/div>\n\t\t\t\t\t<\/div>\n\t\t<\/section>\n\t\t\t\t<\/div>","protected":false},"excerpt":{"rendered":"<p>Nachrichten<\/p>","protected":false},"author":12,"featured_media":0,"parent":0,"menu_order":0,"comment_status":"closed","ping_status":"closed","template":"","meta":{"inline_featured_image":false,"footnotes":""},"class_list":["post-120","page","type-page","status-publish","hentry"],"_links":{"self":[{"href":"https:\/\/www.dormy-house.com\/de\/wp-json\/wp\/v2\/pages\/120","targetHints":{"allow":["GET"]}}],"collection":[{"href":"https:\/\/www.dormy-house.com\/de\/wp-json\/wp\/v2\/pages"}],"about":[{"href":"https:\/\/www.dormy-house.com\/de\/wp-json\/wp\/v2\/types\/page"}],"author":[{"embeddable":true,"href":"https:\/\/www.dormy-house.com\/de\/wp-json\/wp\/v2\/users\/12"}],"replies":[{"embeddable":true,"href":"https:\/\/www.dormy-house.com\/de\/wp-json\/wp\/v2\/comments?post=120"}],"version-history":[{"count":16,"href":"https:\/\/www.dormy-house.com\/de\/wp-json\/wp\/v2\/pages\/120\/revisions"}],"predecessor-version":[{"id":2201,"href":"https:\/\/www.dormy-house.com\/de\/wp-json\/wp\/v2\/pages\/120\/revisions\/2201"}],"wp:attachment":[{"href":"https:\/\/www.dormy-house.com\/de\/wp-json\/wp\/v2\/media?parent=120"}],"curies":[{"name":"wp","href":"https:\/\/api.w.org\/{rel}","templated":true}]}}