{"id":3,"date":"2020-09-21T10:36:09","date_gmt":"2020-09-21T08:36:09","guid":{"rendered":"https:\/\/www.dormy-house.com\/?page_id=3"},"modified":"2024-01-01T17:08:54","modified_gmt":"2024-01-01T16:08:54","slug":"condizioni-di-vendita","status":"publish","type":"page","link":"https:\/\/www.dormy-house.com\/it\/conditions-de-vente\/","title":{"rendered":"Termini e condizioni di vendita"},"content":{"rendered":"\t\t<div data-elementor-type=\"wp-page\" data-elementor-id=\"3\" class=\"elementor elementor-3\" data-elementor-post-type=\"page\">\n\t\t\t\t\t\t<section class=\"elementor-section elementor-top-section elementor-element elementor-element-b6ac056 elementor-section-boxed elementor-section-height-default elementor-section-height-default\" data-id=\"b6ac056\" data-element_type=\"section\" data-e-type=\"section\" data-settings=\"{&quot;_ob_glider_is_slider&quot;:&quot;no&quot;}\">\n\t\t\t\t\t\t<div class=\"elementor-container elementor-column-gap-no\">\n\t\t\t\t\t<div class=\"elementor-column elementor-col-100 elementor-top-column elementor-element elementor-element-0b8a626\" data-id=\"0b8a626\" data-element_type=\"column\" data-e-type=\"column\" data-settings=\"{&quot;_ob_column_hoveranimator&quot;:&quot;no&quot;,&quot;_ob_column_has_pseudo&quot;:&quot;no&quot;}\">\n\t\t\t<div class=\"elementor-widget-wrap elementor-element-populated\">\n\t\t\t\t\t\t<div class=\"elementor-element elementor-element-1b013b4 elementor-view-default ob-has-background-overlay elementor-widget elementor-widget-icon\" data-id=\"1b013b4\" data-element_type=\"widget\" data-e-type=\"widget\" data-settings=\"{&quot;_ob_widget_stalker_use&quot;:&quot;no&quot;,&quot;_ob_poopart_use&quot;:&quot;yes&quot;,&quot;_ob_shadough_use&quot;:&quot;no&quot;,&quot;_ob_allow_hoveranimator&quot;:&quot;no&quot;}\" data-widget_type=\"icon.default\">\n\t\t\t\t<div class=\"elementor-widget-container\">\n\t\t\t\t\t\t\t<div class=\"elementor-icon-wrapper\">\n\t\t\t<div class=\"elementor-icon\">\n\t\t\t<svg xmlns=\"http:\/\/www.w3.org\/2000\/svg\" width=\"62\" height=\"62\" viewBox=\"0 0 62 62\"><g id=\"Groupe_300\" data-name=\"Groupe 300\" transform=\"translate(-921 -1168)\"><g id=\"Groupe_52\" data-name=\"Groupe 52\" transform=\"translate(49 772)\"><g id=\"Ellipse_1\" data-name=\"Ellipse 1\" transform=\"translate(878 402)\" fill=\"#ccbda5\" stroke=\"#ae9a7a\" stroke-width=\"2\"><circle cx=\"25\" cy=\"25\" r=\"25\" stroke=\"none\"><\/circle><circle cx=\"25\" cy=\"25\" r=\"26\" fill=\"none\"><\/circle><\/g><g id=\"Groupe_40\" data-name=\"Groupe 40\" transform=\"translate(892.012 415.167)\"><g id=\"Groupe_20\" data-name=\"Groupe 20\"><path id=\"Trac&#xE9;_517\" data-name=\"Trac&#xE9; 517\" d=\"M191.286,17.218V16.9h6.535a8.277,8.277,0,0,1,3.314.637,9.171,9.171,0,0,1,2.752,1.766,8.5,8.5,0,0,1,1.866,2.578A6.829,6.829,0,0,1,206.465,25a7.629,7.629,0,0,1-.612,3.121,8.339,8.339,0,0,1-1.7,2.578,7.977,7.977,0,0,1-2.459,1.748,6.823,6.823,0,0,1-2.971.662H191.28V32.79h.218a1.028,1.028,0,0,0,.861-.593,2.64,2.64,0,0,0,.393-1.448v-11.5a2.423,2.423,0,0,0-.368-1.423,1.03,1.03,0,0,0-.886-.612ZM195.168,32.5h3.564a3.8,3.8,0,0,0,2.041-.587,5.977,5.977,0,0,0,1.7-1.623,8.466,8.466,0,0,0,1.155-2.384,9.591,9.591,0,0,0,.443-2.9,7.991,7.991,0,0,0-.493-2.877,7.422,7.422,0,0,0-1.354-2.384,6.087,6.087,0,0,0-1.991-1.623,4.939,4.939,0,0,0-2.409-.612h-2.653V32.5Z\" transform=\"translate(-191.28 -16.9)\" fill=\"#1d1d1b\"><\/path><\/g><g id=\"Groupe_21\" data-name=\"Groupe 21\" transform=\"translate(5.511 7.458)\"><path id=\"Trac&#xE9;_518\" data-name=\"Trac&#xE9; 518\" d=\"M216.574,28.85v.318h-.218a1.027,1.027,0,0,0-.861.568,2.605,2.605,0,0,0-.393,1.354V42.837a2.754,2.754,0,0,0,.393,1.354,1.074,1.074,0,0,0,.861.568h.218v.318h-5.355v-.318h.218a1.063,1.063,0,0,0,.886-.593,2.854,2.854,0,0,0,.368-1.448V37.706h-8.7v5.137a2.754,2.754,0,0,0,.393,1.354,1.074,1.074,0,0,0,.861.568h.218v.318H200.11v-.318h.218a1.028,1.028,0,0,0,.861-.593,2.64,2.64,0,0,0,.393-1.448V31.209a2.423,2.423,0,0,0-.368-1.423,1.03,1.03,0,0,0-.886-.612h-.218v-.318h5.355v.318h-.218a1.027,1.027,0,0,0-.861.568,2.605,2.605,0,0,0-.393,1.354V37.12h8.7v-5.9a2.622,2.622,0,0,0-.368-1.423,1.03,1.03,0,0,0-.886-.612h-.218v-.318h5.355Z\" transform=\"translate(-200.11 -28.85)\" fill=\"#1d1d1b\"><\/path><\/g><\/g><g id=\"Ellipse_2\" data-name=\"Ellipse 2\" transform=\"translate(875 399)\" fill=\"none\" stroke=\"#cabda8\" stroke-width=\"1\"><circle cx=\"28\" cy=\"28\" r=\"28\" stroke=\"none\"><\/circle><circle cx=\"28\" cy=\"28\" r=\"28.5\" fill=\"none\"><\/circle><\/g><g id=\"Ellipse_3\" data-name=\"Ellipse 3\" transform=\"translate(873 397)\" fill=\"none\" stroke=\"#cabda8\" stroke-width=\"1\"><circle cx=\"30\" cy=\"30\" r=\"30\" stroke=\"none\"><\/circle><circle cx=\"30\" cy=\"30\" r=\"30.5\" fill=\"none\"><\/circle><\/g><\/g><\/g><\/svg>\t\t\t<\/div>\n\t\t<\/div>\n\t\t\t\t\t\t<\/div>\n\t\t\t\t<\/div>\n\t\t\t\t<div class=\"elementor-element elementor-element-1188120 ob-harakiri-inherit ob-has-background-overlay elementor-widget elementor-widget-heading\" data-id=\"1188120\" data-element_type=\"widget\" data-e-type=\"widget\" data-settings=\"{&quot;_ob_use_harakiri&quot;:&quot;yes&quot;,&quot;_ob_harakiri_writing_mode&quot;:&quot;inherit&quot;,&quot;_ob_harakiri_text_clip&quot;:&quot;none&quot;,&quot;_ob_widget_stalker_use&quot;:&quot;no&quot;,&quot;_ob_poopart_use&quot;:&quot;yes&quot;,&quot;_ob_shadough_use&quot;:&quot;no&quot;,&quot;_ob_allow_hoveranimator&quot;:&quot;no&quot;}\" data-widget_type=\"heading.default\">\n\t\t\t\t<div class=\"elementor-widget-container\">\n\t\t\t\t\t<h1 class=\"elementor-heading-title elementor-size-default\">Conditions de vente<\/h1>\t\t\t\t<\/div>\n\t\t\t\t<\/div>\n\t\t\t\t<div class=\"elementor-element elementor-element-25da2c5 elementor-view-default ob-has-background-overlay elementor-widget elementor-widget-icon\" data-id=\"25da2c5\" data-element_type=\"widget\" data-e-type=\"widget\" data-settings=\"{&quot;_ob_widget_stalker_use&quot;:&quot;no&quot;,&quot;_ob_poopart_use&quot;:&quot;yes&quot;,&quot;_ob_shadough_use&quot;:&quot;no&quot;,&quot;_ob_allow_hoveranimator&quot;:&quot;no&quot;}\" data-widget_type=\"icon.default\">\n\t\t\t\t<div class=\"elementor-widget-container\">\n\t\t\t\t\t\t\t<div class=\"elementor-icon-wrapper\">\n\t\t\t<div class=\"elementor-icon\">\n\t\t\t<svg xmlns=\"http:\/\/www.w3.org\/2000\/svg\" width=\"33.024\" height=\"12.5\" viewBox=\"0 0 33.024 12.5\"><g id=\"Groupe_301\" data-name=\"Groupe 301\" transform=\"translate(-935 -1317.75)\"><g id=\"Groupe_33\" data-name=\"Groupe 33\" transform=\"translate(-12.488 917.5)\"><line id=\"Ligne_11\" data-name=\"Ligne 11\" x2=\"33.024\" transform=\"translate(947.488 401.5)\" fill=\"none\" stroke=\"#ccbda5\" stroke-width=\"2.5\"><\/line><line id=\"Ligne_12\" data-name=\"Ligne 12\" x2=\"33.024\" transform=\"translate(947.488 406.5)\" fill=\"none\" stroke=\"#ccbda5\" stroke-width=\"2.5\"><\/line><line id=\"Ligne_13\" data-name=\"Ligne 13\" x2=\"33.024\" transform=\"translate(947.488 411.5)\" fill=\"none\" stroke=\"#b19a75\" stroke-width=\"2.5\"><\/line><\/g><\/g><\/svg>\t\t\t<\/div>\n\t\t<\/div>\n\t\t\t\t\t\t<\/div>\n\t\t\t\t<\/div>\n\t\t\t\t<div class=\"elementor-element elementor-element-cadcbdf elementor-fixed elementor-view-default ob-has-background-overlay elementor-widget elementor-widget-icon\" data-id=\"cadcbdf\" data-element_type=\"widget\" data-e-type=\"widget\" data-settings=\"{&quot;motion_fx_motion_fx_scrolling&quot;:&quot;yes&quot;,&quot;motion_fx_opacity_effect&quot;:&quot;yes&quot;,&quot;motion_fx_opacity_direction&quot;:&quot;out-in-out&quot;,&quot;motion_fx_opacity_range&quot;:{&quot;unit&quot;:&quot;%&quot;,&quot;size&quot;:&quot;&quot;,&quot;sizes&quot;:{&quot;start&quot;:20,&quot;end&quot;:100}},&quot;motion_fx_range&quot;:&quot;page&quot;,&quot;_position&quot;:&quot;fixed&quot;,&quot;_ob_widget_stalker_use&quot;:&quot;no&quot;,&quot;motion_fx_opacity_level&quot;:{&quot;unit&quot;:&quot;px&quot;,&quot;size&quot;:10,&quot;sizes&quot;:[]},&quot;motion_fx_devices&quot;:[&quot;desktop&quot;,&quot;tablet&quot;,&quot;mobile&quot;],&quot;_ob_poopart_use&quot;:&quot;yes&quot;,&quot;_ob_shadough_use&quot;:&quot;no&quot;,&quot;_ob_allow_hoveranimator&quot;:&quot;no&quot;}\" data-widget_type=\"icon.default\">\n\t\t\t\t<div class=\"elementor-widget-container\">\n\t\t\t\t\t\t\t<div class=\"elementor-icon-wrapper\">\n\t\t\t<a class=\"elementor-icon\" href=\"#top\">\n\t\t\t<svg xmlns=\"http:\/\/www.w3.org\/2000\/svg\" width=\"48\" height=\"48\" viewBox=\"0 0 48 48\"><g id=\"Groupe_303\" data-name=\"Groupe 303\" transform=\"translate(-1887 -819.713)\"><g id=\"Groupe_202\" data-name=\"Groupe 202\" transform=\"translate(1887.647 867.066) rotate(-90)\"><g id=\"Ellipse_1\" data-name=\"Ellipse 1\" transform=\"translate(4.353 4.353)\" fill=\"#fff\" stroke=\"#ae9a7a\" stroke-width=\"2\"><circle cx=\"19\" cy=\"19\" r=\"19\" stroke=\"none\"><\/circle><circle cx=\"19\" cy=\"19\" r=\"20\" fill=\"none\"><\/circle><\/g><g id=\"Ellipse_3\" data-name=\"Ellipse 3\" transform=\"translate(0.353 0.353)\" fill=\"none\" stroke=\"#cabda8\" stroke-width=\"1\"><circle cx=\"23\" cy=\"23\" r=\"23\" stroke=\"none\"><\/circle><circle cx=\"23\" cy=\"23\" r=\"23.5\" fill=\"none\"><\/circle><\/g><\/g><path id=\"Trac&#xE9;_772\" data-name=\"Trac&#xE9; 772\" d=\"M-10721.421,5098.8l-11.4,11.395,11.4,11.4\" transform=\"translate(-3199.423 -9881.599) rotate(-90)\" fill=\"none\" stroke=\"#ae9a7a\" stroke-linecap=\"round\" stroke-width=\"3\"><\/path><\/g><\/svg>\t\t\t<\/a>\n\t\t<\/div>\n\t\t\t\t\t\t<\/div>\n\t\t\t\t<\/div>\n\t\t\t\t\t<\/div>\n\t\t<\/div>\n\t\t\t\t\t<\/div>\n\t\t<\/section>\n\t\t\t\t<section class=\"elementor-section elementor-top-section elementor-element elementor-element-85bb38c elementor-section-boxed elementor-section-height-default elementor-section-height-default\" data-id=\"85bb38c\" data-element_type=\"section\" data-e-type=\"section\" data-settings=\"{&quot;_ob_glider_is_slider&quot;:&quot;no&quot;}\">\n\t\t\t\t\t\t<div class=\"elementor-container elementor-column-gap-default\">\n\t\t\t\t\t<div class=\"elementor-column elementor-col-100 elementor-top-column elementor-element elementor-element-a26227b\" data-id=\"a26227b\" data-element_type=\"column\" data-e-type=\"column\" data-settings=\"{&quot;_ob_column_hoveranimator&quot;:&quot;no&quot;,&quot;_ob_column_has_pseudo&quot;:&quot;no&quot;}\">\n\t\t\t<div class=\"elementor-widget-wrap elementor-element-populated\">\n\t\t\t\t\t\t<div class=\"elementor-element elementor-element-72f1bd7 ob-harakiri-inherit ob-has-background-overlay elementor-widget elementor-widget-text-editor\" data-id=\"72f1bd7\" data-element_type=\"widget\" data-e-type=\"widget\" data-settings=\"{&quot;_ob_use_harakiri&quot;:&quot;yes&quot;,&quot;_ob_harakiri_writing_mode&quot;:&quot;inherit&quot;,&quot;_ob_postman_use&quot;:&quot;no&quot;,&quot;_ob_widget_stalker_use&quot;:&quot;no&quot;,&quot;_ob_poopart_use&quot;:&quot;yes&quot;,&quot;_ob_shadough_use&quot;:&quot;no&quot;,&quot;_ob_allow_hoveranimator&quot;:&quot;no&quot;}\" data-widget_type=\"text-editor.default\">\n\t\t\t\t<div class=\"elementor-widget-container\">\n\t\t\t\t\t\t\t\t\t<p>Retrouvez-ici toutes nos conditions g\u00e9n\u00e9rales de vente en fran\u00e7ais et anglais :<\/p>\t\t\t\t\t\t\t\t<\/div>\n\t\t\t\t<\/div>\n\t\t\t\t\t<\/div>\n\t\t<\/div>\n\t\t\t\t\t<\/div>\n\t\t<\/section>\n\t\t\t\t<section class=\"elementor-section elementor-top-section elementor-element elementor-element-1814baa elementor-section-boxed elementor-section-height-default elementor-section-height-default\" data-id=\"1814baa\" data-element_type=\"section\" data-e-type=\"section\" data-settings=\"{&quot;_ob_glider_is_slider&quot;:&quot;no&quot;}\">\n\t\t\t\t\t\t<div class=\"elementor-container elementor-column-gap-default\">\n\t\t\t\t\t<div class=\"elementor-column elementor-col-50 elementor-top-column elementor-element elementor-element-807ec35\" data-id=\"807ec35\" data-element_type=\"column\" data-e-type=\"column\" data-settings=\"{&quot;_ob_column_hoveranimator&quot;:&quot;no&quot;,&quot;_ob_column_has_pseudo&quot;:&quot;no&quot;}\">\n\t\t\t<div class=\"elementor-widget-wrap elementor-element-populated\">\n\t\t\t\t\t\t<div class=\"elementor-element elementor-element-9351322 elementor-align-center ob-has-background-overlay elementor-widget elementor-widget-button\" data-id=\"9351322\" data-element_type=\"widget\" data-e-type=\"widget\" data-settings=\"{&quot;_ob_butterbutton_use_it&quot;:&quot;no&quot;,&quot;_ob_widget_stalker_use&quot;:&quot;no&quot;,&quot;_ob_poopart_use&quot;:&quot;yes&quot;,&quot;_ob_shadough_use&quot;:&quot;no&quot;,&quot;_ob_allow_hoveranimator&quot;:&quot;no&quot;}\" data-widget_type=\"button.default\">\n\t\t\t\t<div class=\"elementor-widget-container\">\n\t\t\t\t\t\t\t\t\t<div class=\"elementor-button-wrapper\">\n\t\t\t\t\t<a class=\"elementor-button elementor-button-link elementor-size-sm\" href=\"https:\/\/www.dormy-house.com\/wp-content\/uploads\/2026\/03\/CGV-2026-DORMY-HOUSE.pdf\">\n\t\t\t\t\t\t<span class=\"elementor-button-content-wrapper\">\n\t\t\t\t\t\t\t\t\t<span class=\"elementor-button-text\">CGV<\/span>\n\t\t\t\t\t<\/span>\n\t\t\t\t\t<\/a>\n\t\t\t\t<\/div>\n\t\t\t\t\t\t\t\t<\/div>\n\t\t\t\t<\/div>\n\t\t\t\t\t<\/div>\n\t\t<\/div>\n\t\t\t\t<div class=\"elementor-column elementor-col-50 elementor-top-column elementor-element elementor-element-f6d0c2d\" data-id=\"f6d0c2d\" data-element_type=\"column\" data-e-type=\"column\" data-settings=\"{&quot;_ob_column_hoveranimator&quot;:&quot;no&quot;,&quot;_ob_column_has_pseudo&quot;:&quot;no&quot;}\">\n\t\t\t<div class=\"elementor-widget-wrap elementor-element-populated\">\n\t\t\t\t\t\t<div class=\"elementor-element elementor-element-3f3c12e elementor-align-left ob-has-background-overlay elementor-widget elementor-widget-button\" data-id=\"3f3c12e\" data-element_type=\"widget\" data-e-type=\"widget\" data-settings=\"{&quot;_ob_butterbutton_use_it&quot;:&quot;no&quot;,&quot;_ob_widget_stalker_use&quot;:&quot;no&quot;,&quot;_ob_poopart_use&quot;:&quot;yes&quot;,&quot;_ob_shadough_use&quot;:&quot;no&quot;,&quot;_ob_allow_hoveranimator&quot;:&quot;no&quot;}\" data-widget_type=\"button.default\">\n\t\t\t\t<div class=\"elementor-widget-container\">\n\t\t\t\t\t\t\t\t\t<div class=\"elementor-button-wrapper\">\n\t\t\t\t\t<a class=\"elementor-button elementor-button-link elementor-size-sm\" href=\"https:\/\/www.dormy-house.com\/wp-content\/uploads\/2026\/03\/CGV-Dormy-House-2026-anglais.pdf\">\n\t\t\t\t\t\t<span class=\"elementor-button-content-wrapper\">\n\t\t\t\t\t\t\t\t\t<span class=\"elementor-button-text\">GTS<\/span>\n\t\t\t\t\t<\/span>\n\t\t\t\t\t<\/a>\n\t\t\t\t<\/div>\n\t\t\t\t\t\t\t\t<\/div>\n\t\t\t\t<\/div>\n\t\t\t\t\t<\/div>\n\t\t<\/div>\n\t\t\t\t\t<\/div>\n\t\t<\/section>\n\t\t\t\t<\/div>\n\t\t","protected":false},"excerpt":{"rendered":"<p>Termini e condizioni di vendita Trovate qui tutti i nostri termini e condizioni di vendita in francese e in inglese: CGV GTS<\/p>","protected":false},"author":4,"featured_media":0,"parent":0,"menu_order":0,"comment_status":"closed","ping_status":"closed","template":"","meta":{"inline_featured_image":false,"footnotes":""},"class_list":["post-3","page","type-page","status-publish","hentry"],"_links":{"self":[{"href":"https:\/\/www.dormy-house.com\/it\/wp-json\/wp\/v2\/pages\/3","targetHints":{"allow":["GET"]}}],"collection":[{"href":"https:\/\/www.dormy-house.com\/it\/wp-json\/wp\/v2\/pages"}],"about":[{"href":"https:\/\/www.dormy-house.com\/it\/wp-json\/wp\/v2\/types\/page"}],"author":[{"embeddable":true,"href":"https:\/\/www.dormy-house.com\/it\/wp-json\/wp\/v2\/users\/4"}],"replies":[{"embeddable":true,"href":"https:\/\/www.dormy-house.com\/it\/wp-json\/wp\/v2\/comments?post=3"}],"version-history":[{"count":26,"href":"https:\/\/www.dormy-house.com\/it\/wp-json\/wp\/v2\/pages\/3\/revisions"}],"predecessor-version":[{"id":4592,"href":"https:\/\/www.dormy-house.com\/it\/wp-json\/wp\/v2\/pages\/3\/revisions\/4592"}],"wp:attachment":[{"href":"https:\/\/www.dormy-house.com\/it\/wp-json\/wp\/v2\/media?parent=3"}],"curies":[{"name":"wp","href":"https:\/\/api.w.org\/{rel}","templated":true}]}}